{"id":3241,"date":"2025-04-09T09:12:25","date_gmt":"2025-04-09T07:12:25","guid":{"rendered":"https:\/\/10409-try.klecksquadrat.eu\/galicja-niemcy\/"},"modified":"2025-09-11T09:05:00","modified_gmt":"2025-09-11T07:05:00","slug":"galicja-niemcy","status":"publish","type":"page","link":"https:\/\/10409-try.klecksquadrat.eu\/pl\/","title":{"rendered":"Galicja Niemcy"},"content":{"rendered":"<!--themify_builder_content-->\n<div id=\"themify_builder_content-3241\" data-postid=\"3241\" class=\"themify_builder_content themify_builder_content-3241 themify_builder tf_clear\">\n                    <div  data-css_id=\"7k3b634\" data-lazy=\"1\" class=\"module_row themify_builder_row fullwidth tb_7k3b634 tb_first tf_w\">\n                        <div class=\"row_inner col_align_top tb_col_count_1 tf_box tf_rel\">\n                        <div  data-lazy=\"1\" class=\"module_column tb-column col-full tb_vd5o634 first\">\n                            <\/div>\n                        <\/div>\n        <\/div>\n                        <div  data-css_id=\"e1i9122\" data-lazy=\"1\" class=\"module_row themify_builder_row fullwidth_row_container tb_e1i9122 tf_w\">\n                        <div class=\"row_inner col_align_top tb_col_count_1 tf_box tf_rel\">\n                        <div  data-lazy=\"1\" class=\"module_column tb-column col-full tb_hz0d122 first\">\n                    <!-- module text -->\n<div  class=\"module module-text tb_3zs8148   \" data-lazy=\"1\">\n        <div  class=\"tb_text_wrap\">\n        <h1 style=\"text-align: center;\">SERDECZNIE WITAMY<\/h1>\n<h2 style=\"text-align: center;\">GALICYJSCY NIEMCY \u2013 HISTORIA I KULTURA PAMI\u0118CI E.V.<\/h2>\n    <\/div>\n<\/div>\n<!-- \/module text --><!-- module image -->\n<div  class=\"module module-image tb_zyt0767 image-top   auto_fullwidth tf_mw\" data-lazy=\"1\">\n        <div class=\"image-wrap tf_rel tf_mw\">\n            <img loading=\"lazy\" decoding=\"async\" width=\"679\" height=\"186\" src=\"https:\/\/10409-try.klecksquadrat.eu\/wp-content\/uploads\/2025\/06\/Willkommen_ohne_Gelbkarte-Kopie.png\" class=\"wp-post-image wp-image-1927\" title=\"Willkommen_ohne_Gelbkarte Kopie\" alt=\"Willkommen_ohne_Gelbkarte Kopie\" srcset=\"https:\/\/10409-try.klecksquadrat.eu\/wp-content\/uploads\/2025\/06\/Willkommen_ohne_Gelbkarte-Kopie.png 679w, https:\/\/10409-try.klecksquadrat.eu\/wp-content\/uploads\/2025\/06\/Willkommen_ohne_Gelbkarte-Kopie-300x82.png 300w\" sizes=\"auto, (max-width: 679px) 100vw, 679px\" \/>    \n        <\/div>\n    <!-- \/image-wrap -->\n    \n        <\/div>\n<!-- \/module image -->        <\/div>\n                        <\/div>\n        <\/div>\n                        <div  data-lazy=\"1\" class=\"module_row themify_builder_row tb_rx6y229 tf_w\">\n                        <div class=\"row_inner col_align_top tb_col_count_3 tf_box tf_rel\">\n                        <div  data-lazy=\"1\" class=\"module_column tb-column col3-1 tb_8dwn229 boxshadow first\" data-tb_link=\"https:\/\/10409-try.klecksquadrat.eu\/wir-ueber-uns\/\">\n                    <!-- module text -->\n<div  class=\"module module-text tb_k7ki228   \" data-lazy=\"1\">\n        <div  class=\"tb_text_wrap\">\n        <h3 style=\"text-align: center;\">O nas<\/h3>\n<p style=\"text-align: center;\">Komitet Pomocy Niemc\u00f3w Galicyjskich e. V. zosta\u0142 za\u0142o\u017cony w 1946 roku, a w 2021 przemianowany na \u201eNiemcy Galicyjscy \u2013 Historia i Kultura Pami\u0119ci e. V.\u201d. Jest uznawany za organizacj\u0119 po\u017cytku publicznego.<\/p>    <\/div>\n<\/div>\n<!-- \/module text --><!-- module buttons -->\n<div  class=\"module module-buttons tb_a4yz767 buttons-horizontal solid   buttons-fullwidth\" data-lazy=\"1\">\n        <div class=\"module-buttons-item tf_in_flx\">\n                        <a href=\"#\" class=\"ui builder_button tf_in_flx tb_default_color\" >\n                                                DOWIEDZ SI\u0118 WI\u0118CEJ                                        <\/a>\n                <\/div>\n            <\/div>\n<!-- \/module buttons -->\n        <\/div>\n                    <div  data-lazy=\"1\" class=\"module_column tb-column col3-1 tb_s12l247 boxshadow\">\n                    <!-- module text -->\n<div  class=\"module module-text tb_7vu0247   \" data-lazy=\"1\">\n        <div  class=\"tb_text_wrap\">\n        <h3 style=\"text-align: center;\">Genealogia<\/h3>\n<p style=\"text-align: center;\">Niemcy Galicyjscy \u2013 Historia i Kultura Pami\u0119ci e. V. dysponuj\u0105 obecnie ponad 327 ksi\u0119gami rodzin miejscowo\u015bci, ponad 120 planami miejscowo\u015bci oraz wieloma historycznymi fotografiami, kt\u00f3re mo\u017cna zam\u00f3wi\u0107.<\/p>    <\/div>\n<\/div>\n<!-- \/module text --><!-- module buttons -->\n<div  class=\"module module-buttons tb_124m784 buttons-horizontal solid   buttons-fullwidth\" data-lazy=\"1\">\n        <div class=\"module-buttons-item tf_in_flx\">\n                        <a href=\"#\" class=\"ui builder_button tf_in_flx tb_default_color\" >\n                                                dowiedz si\u0119 wi\u0119cej                                        <\/a>\n                <\/div>\n            <\/div>\n<!-- \/module buttons -->\n        <\/div>\n                    <div  data-lazy=\"1\" class=\"module_column tb-column col3-1 tb_gs81117 boxshadow last\">\n                    <!-- module text -->\n<div  class=\"module module-text tb_dz4e117   \" data-lazy=\"1\">\n        <div  class=\"tb_text_wrap\">\n        <h3 style=\"text-align: center;\">Publikacje<\/h3>\n<p style=\"text-align: center;\">Nasze pismo \u201eBlickpunkt Galizien \u2013 \u015awi\u0119ta Wi\u0119\u017a\u201d ukazuje si\u0119 sze\u015b\u0107 razy w roku. Ponadto znajd\u0105 tu Pa\u0144stwo list\u0119 naszej obszernej literatury o r\u00f3\u017cnorodnej tematyce.<\/p>    <\/div>\n<\/div>\n<!-- \/module text --><!-- module buttons -->\n<div  class=\"module module-buttons tb_18iq948 buttons-horizontal solid   buttons-fullwidth\" data-lazy=\"1\">\n        <div class=\"module-buttons-item tf_in_flx\">\n                        <a href=\"#\" class=\"ui builder_button tf_in_flx tb_default_color\" >\n                                                dowiedz si\u0119 wi\u0119cej                                        <\/a>\n                <\/div>\n            <\/div>\n<!-- \/module buttons -->\n        <\/div>\n                        <\/div>\n        <\/div>\n                        <div  data-lax-scale=\"(vh*0.6) 1,(vh*0.46) 1.05\" data-box-position=\"center center\" data-lax=\"true\" data-lazy=\"1\" class=\"module_row themify_builder_row tb_rbau55 tf_w\">\n                        <div class=\"row_inner col_align_top tb_col_count_2 tf_box tf_rel\">\n                        <div  data-lazy=\"1\" class=\"module_column tb-column col4-2 tb_5pgi461 first\" data-tb_link=\"#\">\n                    <!-- module text -->\n<div  class=\"module module-text tb_maty234   \" data-lazy=\"1\">\n        <div  class=\"tb_text_wrap\">\n        <h3><img loading=\"lazy\" decoding=\"async\" class=\"wp-image-72 aligncenter\" src=\"https:\/\/10409-try.klecksquadrat.eu\/wp-content\/uploads\/2025\/04\/Wappen-GalizienDeutsche-kl-271x300.png\" alt=\"\" width=\"117\" height=\"130\" srcset=\"https:\/\/10409-try.klecksquadrat.eu\/wp-content\/uploads\/2025\/04\/Wappen-GalizienDeutsche-kl-271x300.png 271w, https:\/\/10409-try.klecksquadrat.eu\/wp-content\/uploads\/2025\/04\/Wappen-GalizienDeutsche-kl-300x332.png 300w, https:\/\/10409-try.klecksquadrat.eu\/wp-content\/uploads\/2025\/04\/Wappen-GalizienDeutsche-kl-250x276.png 250w, https:\/\/10409-try.klecksquadrat.eu\/wp-content\/uploads\/2025\/04\/Wappen-GalizienDeutsche-kl-200x221.png 200w, https:\/\/10409-try.klecksquadrat.eu\/wp-content\/uploads\/2025\/04\/Wappen-GalizienDeutsche-kl.png 450w\" sizes=\"auto, (max-width: 117px) 100vw, 117px\" \/><\/h3>\n<h3 style=\"text-align: center;\">Galicja<br>Podr\u00f3\u017c przez burzliw\u0105 histori\u0119 europejskiego regionu przygranicznego<\/h3>\n<h4 style=\"text-align: center;\">Pomi\u0119dzy kr\u00f3lestwami, imperiami i kulturami: fascynuj\u0105cy rozw\u00f3j Galicji od \u015bredniowiecza po XX wiek<\/h4>\n<p> <\/p>\n<p style=\"text-align: center;\">Komitet Pomocy Niemc\u00f3w Galicyjskich e. V. zosta\u0142 za\u0142o\u017cony w 1946 roku, a w 2021 przemianowany na \u201eNiemcy Galicyjscy \u2013 Historia i Kultura Pami\u0119ci e. V.\u201d. Jest uznawany za organizacj\u0119 po\u017cytku publicznego.<\/p>    <\/div>\n<\/div>\n<!-- \/module text -->        <div  data-lazy=\"1\" class=\"module_subrow themify_builder_sub_row tf_w col_align_top tb_col_count_3 tb_nw6l785\">\n                <div  data-lazy=\"1\" class=\"module_column sub_column col3-1 tb_4i5d785 square-box boxshadow grad first\" data-tb_link=\"https:\/\/10409-try.klecksquadrat.eu\/galizien\/zeittafel-zur-geschichte\/\">\n                    <!-- module buttons -->\n<div  class=\"module module-buttons tb_m7rl422 buttons-horizontal solid   buttons-fullwidth\" data-lazy=\"1\">\n        <div class=\"module-buttons-item tf_in_flx\">\n                        <a href=\"https:\/\/10409-try.klecksquadrat.eu\/galizien\/zeittafel-zur-geschichte\/\" class=\"ui builder_button tf_in_flx tb_default_color\" >\n                                                TABELA CHRONOLOGICZNA<br>HISTORII                                        <\/a>\n                <\/div>\n            <\/div>\n<!-- \/module buttons -->\n        <\/div>\n                    <div  data-lazy=\"1\" class=\"module_column sub_column col3-1 tb_4k6q126 boxshadow\" data-tb_link=\"https:\/\/10409-try.klecksquadrat.eu\/galizien\/siedlungsgeschichte\/\">\n                    <!-- module buttons -->\n<div  class=\"module module-buttons tb_mbt6126 buttons-horizontal solid   buttons-fullwidth\" data-lazy=\"1\">\n        <div class=\"module-buttons-item tf_in_flx\">\n                        <a href=\"https:\/\/10409-try.klecksquadrat.eu\/galizien\/siedlungsgeschichte\/\" class=\"ui builder_button tf_in_flx tb_default_color\" >\n                                                HISTORIA-OSADNICTWA                                        <\/a>\n                <\/div>\n            <\/div>\n<!-- \/module buttons -->\n        <\/div>\n                    <div  data-lazy=\"1\" class=\"module_column sub_column col3-1 tb_jd6f495 boxshadow last\" data-tb_link=\"https:\/\/10409-try.klecksquadrat.eu\/galizien\/historische-persoenlichkeiten\/\">\n                    <!-- module buttons -->\n<div  class=\"module module-buttons tb_dfe0495 buttons-horizontal solid   buttons-fullwidth\" data-lazy=\"1\">\n        <div class=\"module-buttons-item tf_in_flx\">\n                        <a href=\"https:\/\/10409-try.klecksquadrat.eu\/galizien\/historische-persoenlichkeiten\/\" class=\"ui builder_button tf_in_flx tb_default_color\" >\n                                                POSTACIE HISTORYCZNE                                        <\/a>\n                <\/div>\n            <\/div>\n<!-- \/module buttons -->\n        <\/div>\n                    <\/div>\n                <div  data-lazy=\"1\" class=\"module_subrow themify_builder_sub_row tf_w col_align_top tb_col_count_3 tb_4d0f302\">\n                <div  data-lazy=\"1\" class=\"module_column sub_column col3-1 tb_yflo302 square-box boxshadow  first\" data-tb_link=\"#\">\n                    <!-- module buttons -->\n<div  class=\"module module-buttons tb_tbmn302 buttons-horizontal solid   buttons-fullwidth\" data-lazy=\"1\">\n        <div class=\"module-buttons-item tf_in_flx\">\n                        <a href=\"#\" class=\"ui builder_button tf_in_flx tb_default_color\" >\n                                                GALICJA DZISIAJ                                        <\/a>\n                <\/div>\n            <\/div>\n<!-- \/module buttons -->\n        <\/div>\n                    <div  data-lazy=\"1\" class=\"module_column sub_column col3-1 tb_8mqj302 boxshadow\" data-tb_link=\"#\">\n                    <!-- module buttons -->\n<div  class=\"module module-buttons tb_hxwh302 buttons-horizontal solid   buttons-fullwidth\" data-lazy=\"1\">\n        <div class=\"module-buttons-item tf_in_flx\">\n                        <a href=\"#\" class=\"ui builder_button tf_in_flx tb_default_color\" >\n                                                                                        <\/a>\n                <\/div>\n            <\/div>\n<!-- \/module buttons -->\n        <\/div>\n                    <div  data-lazy=\"1\" class=\"module_column sub_column col3-1 tb_zvox302 boxshadow last\" data-tb_link=\"https:\/\/10409-try.klecksquadrat.eu\/galizien\/galizische-gedenkstatten\/\">\n                    <!-- module buttons -->\n<div  class=\"module module-buttons tb_imnd302 buttons-horizontal solid   buttons-fullwidth\" data-lazy=\"1\">\n        <div class=\"module-buttons-item tf_in_flx\">\n                        <a href=\"#\" class=\"ui builder_button tf_in_flx tb_default_color\" >\n                                                MIEJSCA PAMI\u0118CI                                        <\/a>\n                <\/div>\n            <\/div>\n<!-- \/module buttons -->\n        <\/div>\n                    <\/div>\n                <\/div>\n                    <div  data-lazy=\"1\" class=\"module_column tb-column col4-2 tb_rahk688 last\">\n                            <\/div>\n                        <\/div>\n        <\/div>\n        <\/div>\n<!--\/themify_builder_content-->","protected":false},"excerpt":{"rendered":"<p>SERDECZNIE WITAMY GALICYJSCY NIEMCY \u2013 HISTORIA I KULTURA PAMI\u0118CI E.V. O nas Komitet Pomocy Niemc\u00f3w Galicyjskich e. V. zosta\u0142 za\u0142o\u017cony w 1946 roku, a w 2021 przemianowany na \u201eNiemcy Galicyjscy \u2013 Historia i Kultura Pami\u0119ci e. V.\u201d. Jest uznawany za organizacj\u0119 po\u017cytku publicznego. DOWIEDZ SI\u0118 WI\u0118CEJ Genealogia Niemcy Galicyjscy \u2013 Historia i Kultura Pami\u0119ci e. [&hellip;]<\/p>\n","protected":false},"author":1,"featured_media":0,"parent":0,"menu_order":0,"comment_status":"closed","ping_status":"closed","template":"","meta":{"footnotes":""},"class_list":["post-3241","page","type-page","status-publish","hentry","has-post-title","has-post-date","has-post-category","has-post-tag","has-post-comment","has-post-author",""],"publishpress_future_action":{"enabled":false,"date":"2026-05-23 12:13:54","action":"change-status","newStatus":"draft","terms":[],"taxonomy":"translation_priority","extraData":[]},"publishpress_future_workflow_manual_trigger":{"enabledWorkflows":[]},"builder_content":"<h1 style=\"text-align: center;\">SERDECZNIE WITAMY<\/h1> <h2 style=\"text-align: center;\">GALICYJSCY NIEMCY \u2013 HISTORIA I KULTURA PAMI\u0118CI E.V.<\/h2>\n<img src=\"https:\/\/10409-try.klecksquadrat.eu\/wp-content\/uploads\/2025\/06\/Willkommen_ohne_Gelbkarte-Kopie.png\" title=\"Willkommen_ohne_Gelbkarte Kopie\" alt=\"Willkommen_ohne_Gelbkarte Kopie\" srcset=\"https:\/\/10409-try.klecksquadrat.eu\/wp-content\/uploads\/2025\/06\/Willkommen_ohne_Gelbkarte-Kopie.png 679w, https:\/\/10409-try.klecksquadrat.eu\/wp-content\/uploads\/2025\/06\/Willkommen_ohne_Gelbkarte-Kopie-300x82.png 300w\" sizes=\"(max-width: 679px) 100vw, 679px\" \/>\n<h3 style=\"text-align: center;\">O nas<\/h3> <p style=\"text-align: center;\">Komitet Pomocy Niemc\u00f3w Galicyjskich e. V. zosta\u0142 za\u0142o\u017cony w 1946 roku, a w 2021 przemianowany na \u201eNiemcy Galicyjscy \u2013 Historia i Kultura Pami\u0119ci e. V.\u201d. Jest uznawany za organizacj\u0119 po\u017cytku publicznego.<\/p>\n<a href=\"#\" > DOWIEDZ SI\u0118 WI\u0118CEJ <\/a>\n<h3 style=\"text-align: center;\">Genealogia<\/h3> <p style=\"text-align: center;\">Niemcy Galicyjscy \u2013 Historia i Kultura Pami\u0119ci e. V. dysponuj\u0105 obecnie ponad 327 ksi\u0119gami rodzin miejscowo\u015bci, ponad 120 planami miejscowo\u015bci oraz wieloma historycznymi fotografiami, kt\u00f3re mo\u017cna zam\u00f3wi\u0107.<\/p>\n<a href=\"#\" > dowiedz si\u0119 wi\u0119cej <\/a>\n<h3 style=\"text-align: center;\">Publikacje<\/h3> <p style=\"text-align: center;\">Nasze pismo \u201eBlickpunkt Galizien \u2013 \u015awi\u0119ta Wi\u0119\u017a\u201d ukazuje si\u0119 sze\u015b\u0107 razy w roku. Ponadto znajd\u0105 tu Pa\u0144stwo list\u0119 naszej obszernej literatury o r\u00f3\u017cnorodnej tematyce.<\/p>\n<a href=\"#\" > dowiedz si\u0119 wi\u0119cej <\/a>\n<h3><img loading=\"lazy\" decoding=\"async\" src=\"https:\/\/10409-try.klecksquadrat.eu\/wp-content\/uploads\/2025\/04\/Wappen-GalizienDeutsche-kl-271x300.png\" alt=\"\" width=\"117\" height=\"130\" srcset=\"https:\/\/10409-try.klecksquadrat.eu\/wp-content\/uploads\/2025\/04\/Wappen-GalizienDeutsche-kl-271x300.png 271w, https:\/\/10409-try.klecksquadrat.eu\/wp-content\/uploads\/2025\/04\/Wappen-GalizienDeutsche-kl-300x332.png 300w, https:\/\/10409-try.klecksquadrat.eu\/wp-content\/uploads\/2025\/04\/Wappen-GalizienDeutsche-kl-250x276.png 250w, https:\/\/10409-try.klecksquadrat.eu\/wp-content\/uploads\/2025\/04\/Wappen-GalizienDeutsche-kl-200x221.png 200w, https:\/\/10409-try.klecksquadrat.eu\/wp-content\/uploads\/2025\/04\/Wappen-GalizienDeutsche-kl.png 450w\" sizes=\"auto, (max-width: 117px) 100vw, 117px\" \/><\/h3> <h3 style=\"text-align: center;\">Galicja<br>Podr\u00f3\u017c przez burzliw\u0105 histori\u0119 europejskiego regionu przygranicznego<\/h3> <h4 style=\"text-align: center;\">Pomi\u0119dzy kr\u00f3lestwami, imperiami i kulturami: fascynuj\u0105cy rozw\u00f3j Galicji od \u015bredniowiecza po XX wiek<\/h4> <p> <\/p> <p style=\"text-align: center;\">Komitet Pomocy Niemc\u00f3w Galicyjskich e. V. zosta\u0142 za\u0142o\u017cony w 1946 roku, a w 2021 przemianowany na \u201eNiemcy Galicyjscy \u2013 Historia i Kultura Pami\u0119ci e. V.\u201d. Jest uznawany za organizacj\u0119 po\u017cytku publicznego.<\/p>\n<a href=\"https:\/\/10409-try.klecksquadrat.eu\/galizien\/zeittafel-zur-geschichte\/\" > TABELA CHRONOLOGICZNA<br>HISTORII <\/a>\n<a href=\"https:\/\/10409-try.klecksquadrat.eu\/galizien\/siedlungsgeschichte\/\" > HISTORIA-OSADNICTWA <\/a>\n<a href=\"https:\/\/10409-try.klecksquadrat.eu\/galizien\/historische-persoenlichkeiten\/\" > POSTACIE HISTORYCZNE <\/a>\n<a href=\"#\" > GALICJA DZISIAJ <\/a>\n<a href=\"#\" > <\/a>\n<a href=\"#\" > MIEJSCA PAMI\u0118CI <\/a>","_links":{"self":[{"href":"https:\/\/10409-try.klecksquadrat.eu\/pl\/wp-json\/wp\/v2\/pages\/3241","targetHints":{"allow":["GET"]}}],"collection":[{"href":"https:\/\/10409-try.klecksquadrat.eu\/pl\/wp-json\/wp\/v2\/pages"}],"about":[{"href":"https:\/\/10409-try.klecksquadrat.eu\/pl\/wp-json\/wp\/v2\/types\/page"}],"author":[{"embeddable":true,"href":"https:\/\/10409-try.klecksquadrat.eu\/pl\/wp-json\/wp\/v2\/users\/1"}],"replies":[{"embeddable":true,"href":"https:\/\/10409-try.klecksquadrat.eu\/pl\/wp-json\/wp\/v2\/comments?post=3241"}],"version-history":[{"count":3,"href":"https:\/\/10409-try.klecksquadrat.eu\/pl\/wp-json\/wp\/v2\/pages\/3241\/revisions"}],"predecessor-version":[{"id":3256,"href":"https:\/\/10409-try.klecksquadrat.eu\/pl\/wp-json\/wp\/v2\/pages\/3241\/revisions\/3256"}],"wp:attachment":[{"href":"https:\/\/10409-try.klecksquadrat.eu\/pl\/wp-json\/wp\/v2\/media?parent=3241"}],"curies":[{"name":"wp","href":"https:\/\/api.w.org\/{rel}","templated":true}]}}